{"id":28,"date":"2020-05-08T18:15:20","date_gmt":"2020-05-08T18:15:20","guid":{"rendered":"https:\/\/xn--klrgeist-1za.de\/?page_id=28"},"modified":"2020-11-09T15:07:27","modified_gmt":"2020-11-09T15:07:27","slug":"impressum","status":"publish","type":"page","link":"https:\/\/xn--klrgeist-1za.de\/?page_id=28","title":{"rendered":"Impressum"},"content":{"rendered":"<p class=\"para-12\" style=\"text-align: justify;\"><span style=\"font-family: helvetica, arial, sans-serif; font-size: 10pt; color: #000080;\"><strong><span class=\"font-12\">Verantwortlicher gem\u00e4ss \u00a7 5 TMG<br \/>\nKarel Arthur Kornell, Angerstr. 23, 82319 Starnberg<br \/>\nTel. \u202d+49 179 2149213\u202c, E-Mail info@kl\u00e4rgeist.de<\/span><\/strong><\/span><\/p>\n<p class=\"para-8\" style=\"text-align: justify;\"><span style=\"font-family: helvetica, arial, sans-serif; font-size: 10pt; color: #000080;\"><strong><span class=\"font-12\">Nutzungsbedingungen:<br \/>\n<\/span><\/strong><span class=\"font-5\">Mit der Nutzung der Website www.kl\u00e4rgeist.de von Karel Kornell erkennen Sie die nachfolgenden Nutzungsbedingungen an. Bitte lesen Sie daher diese Bedingungen sorgf\u00e4ltig durch, bevor Sie die Seite besuchen.<\/span><\/span><\/p>\n<p class=\"para-12\" style=\"text-align: justify;\"><span style=\"font-family: helvetica, arial, sans-serif; font-size: 10pt; color: #000080;\"><strong><span class=\"font-12\">Allgemeine Nutzungsbedingungen:<br \/>\n<\/span><\/strong><span class=\"font-5\">Nachstehende Nutzungsbedingungen gelten f\u00fcr die Inhalte der Website www.kl\u00e4rgeist.de. F\u00fcr bestimmte Inhalte und Angebote der Website gelten\u00a0\u00a0erg\u00e4nzend weitere und gesondert\u00a0kenntlich gemachte Nutzungsbedingungen.<\/span><\/span><\/p>\n<p class=\"para-12\" style=\"text-align: justify;\"><span class=\"font-5\" style=\"font-family: helvetica, arial, sans-serif; font-size: 10pt; color: #000080;\"><strong>Urheberrecht:<br \/>\n<\/strong>\u00a9 Copyright Karel Kornell, Starnberg. Alle Rechte vorbehalten. Texte, Bilder, Grafiken, Sound, Animationen und Videos unterliegen dem Schutz des Urheberrechts und anderer Schutzgesetze. Der Inhalt dieser Website darf nicht zu kommerziellen Zwecken kopiert, verbreitet, ver\u00e4ndert oder Dritten\u00a0zug\u00e4nglich gemacht werden. Ich weise darauf hin, dass auf den Websites enthaltene Bilder teilweise dem\u00a0Urheberrecht Dritter unterliegen.<\/span><\/p>\n<p class=\"para-12\" style=\"text-align: justify;\"><span style=\"font-family: helvetica, arial, sans-serif; font-size: 10pt; color: #000080;\"><strong><span class=\"font-12\">Haftungsausschluss:<\/span><\/strong><span class=\"font-5\"><br \/>\n<\/span><span class=\"font-5\">Diese Website wurde mit gr\u00f6\u00dftm\u00f6glicher Sorgfalt zusammengestellt. Trotzdem kann keine Gew\u00e4hr f\u00fcr die\u00a0Fehlerfreiheit und Genauigkeit der enthaltenen Informationen \u00fcbernommen werden. Jegliche Haftung f\u00fcr\u00a0Sch\u00e4den, die direkt oder indirekt aus der Benutzung dieser Website entstehen, wird ausgeschlossen,\u00a0soweit diese nicht auf Vorsatz oder grober Fahrl\u00e4ssigkeit beruhen.Sofern von dieser Website auf Internetseiten verwiesen wird, die von Dritten betrieben werden, \u00fcbernimmt Karel Kornell keine Verantwortung f\u00fcr deren Inhalte.<\/span><\/span><\/p>\n<p><span style=\"font-size: 10pt; font-family: helvetica, arial, sans-serif; color: #000080;\"><strong>Verwendete Markennamen:<br \/>\n<\/strong>Die Marken &#8222;Kingspan&#8220;, &#8222;Klargester&#8220;, &#8222;BioDisc&#8220;, &#8222;Dehoust&#8220; , &#8222;BioSafe&#8220;, BioFicient&#8220; und &#8222;GEP&#8220; sind gesch\u00fctzte und eingetragene Marken der jeweiligen Eigent\u00fcmer und werden hier lediglich zur Veranschaulichung erw\u00e4hnt und verwendet.\u00a0<\/span><\/p>\n","protected":false},"excerpt":{"rendered":"<p>Verantwortlicher gem\u00e4ss \u00a7 5 TMG Karel Arthur Kornell, Angerstr. 23, 82319 Starnberg Tel. \u202d+49 179 2149213\u202c, E-Mail info@kl\u00e4rgeist.de Nutzungsbedingungen: Mit der Nutzung der Website www.kl\u00e4rgeist.de von Karel Kornell erkennen Sie die nachfolgenden Nutzungsbedingungen an. Bitte lesen Sie daher diese Bedingungen sorgf\u00e4ltig durch, bevor Sie die Seite besuchen. Allgemeine Nutzungsbedingungen: Nachstehende Nutzungsbedingungen gelten f\u00fcr die Inhalte &hellip;<br \/><a href=\"https:\/\/xn--klrgeist-1za.de\/?page_id=28\" class=\"more-link pen_button pen_element_default pen_icon_arrow_double\">Continue reading <span class=\"screen-reader-text\">Impressum<\/span><\/a><\/p>\n","protected":false},"author":1,"featured_media":0,"parent":0,"menu_order":0,"comment_status":"closed","ping_status":"closed","template":"","meta":{"footnotes":""},"class_list":["post-28","page","type-page","status-publish","hentry"],"yoast_head":"<!-- This site is optimized with the Yoast SEO plugin v27.3 - https:\/\/yoast.com\/product\/yoast-seo-wordpress\/ -->\n<title>Impressum - Kornell Abwasseranlagen<\/title>\n<meta name=\"robots\" content=\"index, follow, max-snippet:-1, max-image-preview:large, max-video-preview:-1\" \/>\n<link rel=\"canonical\" href=\"https:\/\/xn--klrgeist-1za.de\/?page_id=28\" \/>\n<meta property=\"og:locale\" content=\"de_DE\" \/>\n<meta property=\"og:type\" content=\"article\" \/>\n<meta property=\"og:title\" content=\"Impressum - Kornell Abwasseranlagen\" \/>\n<meta property=\"og:description\" content=\"Verantwortlicher gem\u00e4ss \u00a7 5 TMG Karel Arthur Kornell, Angerstr. 23, 82319 Starnberg Tel. \u202d+49 179 2149213\u202c, E-Mail info@kl\u00e4rgeist.de Nutzungsbedingungen: Mit der Nutzung der Website www.kl\u00e4rgeist.de von Karel Kornell erkennen Sie die nachfolgenden Nutzungsbedingungen an. Bitte lesen Sie daher diese Bedingungen sorgf\u00e4ltig durch, bevor Sie die Seite besuchen. Allgemeine Nutzungsbedingungen: Nachstehende Nutzungsbedingungen gelten f\u00fcr die Inhalte &hellip;Continue reading Impressum\" \/>\n<meta property=\"og:url\" content=\"https:\/\/xn--klrgeist-1za.de\/?page_id=28\" \/>\n<meta property=\"og:site_name\" content=\"Kornell Abwasseranlagen\" \/>\n<meta property=\"article:publisher\" content=\"https:\/\/www.facebook.com\/pg\/Kornell-Abwasseranlagen-der-Klaergeist-1860894337473697\/about\/?ref=page_internal\" \/>\n<meta property=\"article:modified_time\" content=\"2020-11-09T15:07:27+00:00\" \/>\n<meta name=\"twitter:card\" content=\"summary_large_image\" \/>\n<meta name=\"twitter:label1\" content=\"Gesch\u00e4tzte Lesezeit\" \/>\n\t<meta name=\"twitter:data1\" content=\"1\u00a0Minute\" \/>\n<script type=\"application\/ld+json\" class=\"yoast-schema-graph\">{\"@context\":\"https:\\\/\\\/schema.org\",\"@graph\":[{\"@type\":\"WebPage\",\"@id\":\"https:\\\/\\\/xn--klrgeist-1za.de\\\/?page_id=28\",\"url\":\"https:\\\/\\\/xn--klrgeist-1za.de\\\/?page_id=28\",\"name\":\"Impressum - Kornell Abwasseranlagen\",\"isPartOf\":{\"@id\":\"https:\\\/\\\/xn--klrgeist-1za.de\\\/#website\"},\"datePublished\":\"2020-05-08T18:15:20+00:00\",\"dateModified\":\"2020-11-09T15:07:27+00:00\",\"breadcrumb\":{\"@id\":\"https:\\\/\\\/xn--klrgeist-1za.de\\\/?page_id=28#breadcrumb\"},\"inLanguage\":\"de\",\"potentialAction\":[{\"@type\":\"ReadAction\",\"target\":[\"https:\\\/\\\/xn--klrgeist-1za.de\\\/?page_id=28\"]}]},{\"@type\":\"BreadcrumbList\",\"@id\":\"https:\\\/\\\/xn--klrgeist-1za.de\\\/?page_id=28#breadcrumb\",\"itemListElement\":[{\"@type\":\"ListItem\",\"position\":1,\"name\":\"Startseite\",\"item\":\"https:\\\/\\\/xn--klrgeist-1za.de\\\/\"},{\"@type\":\"ListItem\",\"position\":2,\"name\":\"Impressum\"}]},{\"@type\":\"WebSite\",\"@id\":\"https:\\\/\\\/xn--klrgeist-1za.de\\\/#website\",\"url\":\"https:\\\/\\\/xn--klrgeist-1za.de\\\/\",\"name\":\"Kornell Abwasseranlagen\",\"description\":\"Kingspan\u00ae Klargester\u00ae  Kleinkl\u00e4ranlagen\",\"publisher\":{\"@id\":\"https:\\\/\\\/xn--klrgeist-1za.de\\\/#organization\"},\"potentialAction\":[{\"@type\":\"SearchAction\",\"target\":{\"@type\":\"EntryPoint\",\"urlTemplate\":\"https:\\\/\\\/xn--klrgeist-1za.de\\\/?s={search_term_string}\"},\"query-input\":{\"@type\":\"PropertyValueSpecification\",\"valueRequired\":true,\"valueName\":\"search_term_string\"}}],\"inLanguage\":\"de\"},{\"@type\":\"Organization\",\"@id\":\"https:\\\/\\\/xn--klrgeist-1za.de\\\/#organization\",\"name\":\"Kornell Abwasseranlagen\",\"url\":\"https:\\\/\\\/xn--klrgeist-1za.de\\\/\",\"logo\":{\"@type\":\"ImageObject\",\"inLanguage\":\"de\",\"@id\":\"https:\\\/\\\/xn--klrgeist-1za.de\\\/#\\\/schema\\\/logo\\\/image\\\/\",\"url\":\"https:\\\/\\\/xn--klrgeist-1za.de\\\/wp-content\\\/uploads\\\/2020\\\/11\\\/Logo-neu-1-1.png\",\"contentUrl\":\"https:\\\/\\\/xn--klrgeist-1za.de\\\/wp-content\\\/uploads\\\/2020\\\/11\\\/Logo-neu-1-1.png\",\"width\":300,\"height\":56,\"caption\":\"Kornell Abwasseranlagen\"},\"image\":{\"@id\":\"https:\\\/\\\/xn--klrgeist-1za.de\\\/#\\\/schema\\\/logo\\\/image\\\/\"},\"sameAs\":[\"https:\\\/\\\/www.facebook.com\\\/pg\\\/Kornell-Abwasseranlagen-der-Klaergeist-1860894337473697\\\/about\\\/?ref=page_internal\"]}]}<\/script>\n<!-- \/ Yoast SEO plugin. -->","yoast_head_json":{"title":"Impressum - Kornell Abwasseranlagen","robots":{"index":"index","follow":"follow","max-snippet":"max-snippet:-1","max-image-preview":"max-image-preview:large","max-video-preview":"max-video-preview:-1"},"canonical":"https:\/\/xn--klrgeist-1za.de\/?page_id=28","og_locale":"de_DE","og_type":"article","og_title":"Impressum - Kornell Abwasseranlagen","og_description":"Verantwortlicher gem\u00e4ss \u00a7 5 TMG Karel Arthur Kornell, Angerstr. 23, 82319 Starnberg Tel. \u202d+49 179 2149213\u202c, E-Mail info@kl\u00e4rgeist.de Nutzungsbedingungen: Mit der Nutzung der Website www.kl\u00e4rgeist.de von Karel Kornell erkennen Sie die nachfolgenden Nutzungsbedingungen an. Bitte lesen Sie daher diese Bedingungen sorgf\u00e4ltig durch, bevor Sie die Seite besuchen. Allgemeine Nutzungsbedingungen: Nachstehende Nutzungsbedingungen gelten f\u00fcr die Inhalte &hellip;Continue reading Impressum","og_url":"https:\/\/xn--klrgeist-1za.de\/?page_id=28","og_site_name":"Kornell Abwasseranlagen","article_publisher":"https:\/\/www.facebook.com\/pg\/Kornell-Abwasseranlagen-der-Klaergeist-1860894337473697\/about\/?ref=page_internal","article_modified_time":"2020-11-09T15:07:27+00:00","twitter_card":"summary_large_image","twitter_misc":{"Gesch\u00e4tzte Lesezeit":"1\u00a0Minute"},"schema":{"@context":"https:\/\/schema.org","@graph":[{"@type":"WebPage","@id":"https:\/\/xn--klrgeist-1za.de\/?page_id=28","url":"https:\/\/xn--klrgeist-1za.de\/?page_id=28","name":"Impressum - Kornell Abwasseranlagen","isPartOf":{"@id":"https:\/\/xn--klrgeist-1za.de\/#website"},"datePublished":"2020-05-08T18:15:20+00:00","dateModified":"2020-11-09T15:07:27+00:00","breadcrumb":{"@id":"https:\/\/xn--klrgeist-1za.de\/?page_id=28#breadcrumb"},"inLanguage":"de","potentialAction":[{"@type":"ReadAction","target":["https:\/\/xn--klrgeist-1za.de\/?page_id=28"]}]},{"@type":"BreadcrumbList","@id":"https:\/\/xn--klrgeist-1za.de\/?page_id=28#breadcrumb","itemListElement":[{"@type":"ListItem","position":1,"name":"Startseite","item":"https:\/\/xn--klrgeist-1za.de\/"},{"@type":"ListItem","position":2,"name":"Impressum"}]},{"@type":"WebSite","@id":"https:\/\/xn--klrgeist-1za.de\/#website","url":"https:\/\/xn--klrgeist-1za.de\/","name":"Kornell Abwasseranlagen","description":"Kingspan\u00ae Klargester\u00ae  Kleinkl\u00e4ranlagen","publisher":{"@id":"https:\/\/xn--klrgeist-1za.de\/#organization"},"potentialAction":[{"@type":"SearchAction","target":{"@type":"EntryPoint","urlTemplate":"https:\/\/xn--klrgeist-1za.de\/?s={search_term_string}"},"query-input":{"@type":"PropertyValueSpecification","valueRequired":true,"valueName":"search_term_string"}}],"inLanguage":"de"},{"@type":"Organization","@id":"https:\/\/xn--klrgeist-1za.de\/#organization","name":"Kornell Abwasseranlagen","url":"https:\/\/xn--klrgeist-1za.de\/","logo":{"@type":"ImageObject","inLanguage":"de","@id":"https:\/\/xn--klrgeist-1za.de\/#\/schema\/logo\/image\/","url":"https:\/\/xn--klrgeist-1za.de\/wp-content\/uploads\/2020\/11\/Logo-neu-1-1.png","contentUrl":"https:\/\/xn--klrgeist-1za.de\/wp-content\/uploads\/2020\/11\/Logo-neu-1-1.png","width":300,"height":56,"caption":"Kornell Abwasseranlagen"},"image":{"@id":"https:\/\/xn--klrgeist-1za.de\/#\/schema\/logo\/image\/"},"sameAs":["https:\/\/www.facebook.com\/pg\/Kornell-Abwasseranlagen-der-Klaergeist-1860894337473697\/about\/?ref=page_internal"]}]}},"_links":{"self":[{"href":"https:\/\/xn--klrgeist-1za.de\/index.php?rest_route=\/wp\/v2\/pages\/28","targetHints":{"allow":["GET"]}}],"collection":[{"href":"https:\/\/xn--klrgeist-1za.de\/index.php?rest_route=\/wp\/v2\/pages"}],"about":[{"href":"https:\/\/xn--klrgeist-1za.de\/index.php?rest_route=\/wp\/v2\/types\/page"}],"author":[{"embeddable":true,"href":"https:\/\/xn--klrgeist-1za.de\/index.php?rest_route=\/wp\/v2\/users\/1"}],"replies":[{"embeddable":true,"href":"https:\/\/xn--klrgeist-1za.de\/index.php?rest_route=%2Fwp%2Fv2%2Fcomments&post=28"}],"version-history":[{"count":0,"href":"https:\/\/xn--klrgeist-1za.de\/index.php?rest_route=\/wp\/v2\/pages\/28\/revisions"}],"wp:attachment":[{"href":"https:\/\/xn--klrgeist-1za.de\/index.php?rest_route=%2Fwp%2Fv2%2Fmedia&parent=28"}],"curies":[{"name":"wp","href":"https:\/\/api.w.org\/{rel}","templated":true}]}}