{"id":73,"date":"2020-10-11T12:25:47","date_gmt":"2020-10-11T12:25:47","guid":{"rendered":"https:\/\/xn--klrgeist-1za.de\/?page_id=73"},"modified":"2023-08-17T13:01:41","modified_gmt":"2023-08-17T13:01:41","slug":"ersatzteile","status":"publish","type":"page","link":"https:\/\/xn--klrgeist-1za.de\/?page_id=73","title":{"rendered":"Ersatzteile"},"content":{"rendered":"<blockquote><p><span style=\"color: #000080; font-family: helvetica, arial, sans-serif;\">Wir sind Partner von Kingspan<sup>\u00ae<\/sup> Klargester<sup>\u00ae \u00a0 <\/sup>NA-NG und haben in Deutschland<br \/>\nals einziger Vertriebspartner alle Verschlei\u00dfteile auf Lager. <\/span><\/p>\n<p><span style=\"font-family: helvetica, arial, sans-serif; color: #000080;\">Der Versand erfolgt in der Regel innerhalb 24 Stunden.<\/span><\/p>\n<p><span style=\"font-family: helvetica, arial, sans-serif; color: #000080;\">Auch selten ben\u00f6tigte Teile k\u00f6nnen kurzfristig bestellt und geliefert werden.<\/span><\/p>\n<p><a href=\"https:\/\/xn--klrgeist-1za.de\/wp-content\/uploads\/2022\/04\/Preisliste-Ersatzteile-04.2022.pdf\"><span style=\"color: #000080; font-family: helvetica, arial, sans-serif; font-size: 12pt;\">Preisliste Ersatzteile<\/span><\/a><\/p>\n<p><span style=\"color: #000080; font-family: helvetica, arial, sans-serif; font-size: 12pt;\"><a href=\"https:\/\/xn--klrgeist-1za.de\/wp-content\/uploads\/2020\/11\/Bestellformular-Ersatzteile-1.pdf\">Bestellformular<\/a><\/span><\/p><\/blockquote>\n","protected":false},"excerpt":{"rendered":"<p>Wir sind Partner von Kingspan\u00ae Klargester\u00ae \u00a0 NA-NG und haben in Deutschland als einziger Vertriebspartner alle Verschlei\u00dfteile auf Lager. Der Versand erfolgt in der Regel innerhalb 24 Stunden. Auch selten ben\u00f6tigte Teile k\u00f6nnen kurzfristig bestellt und geliefert werden. Preisliste Ersatzteile Bestellformular<\/p>\n","protected":false},"author":1,"featured_media":0,"parent":0,"menu_order":0,"comment_status":"closed","ping_status":"closed","template":"","meta":{"footnotes":""},"class_list":["post-73","page","type-page","status-publish","hentry"],"yoast_head":"<!-- This site is optimized with the Yoast SEO plugin v27.3 - https:\/\/yoast.com\/product\/yoast-seo-wordpress\/ -->\n<title>Ersatzteile - Kornell Abwasseranlagen<\/title>\n<meta name=\"robots\" content=\"index, follow, max-snippet:-1, max-image-preview:large, max-video-preview:-1\" \/>\n<link rel=\"canonical\" href=\"https:\/\/xn--klrgeist-1za.de\/?page_id=73\" \/>\n<meta property=\"og:locale\" content=\"de_DE\" \/>\n<meta property=\"og:type\" content=\"article\" \/>\n<meta property=\"og:title\" content=\"Ersatzteile - Kornell Abwasseranlagen\" \/>\n<meta property=\"og:description\" content=\"Wir sind Partner von Kingspan\u00ae Klargester\u00ae \u00a0 NA-NG und haben in Deutschland als einziger Vertriebspartner alle Verschlei\u00dfteile auf Lager. Der Versand erfolgt in der Regel innerhalb 24 Stunden. Auch selten ben\u00f6tigte Teile k\u00f6nnen kurzfristig bestellt und geliefert werden. Preisliste Ersatzteile Bestellformular\" \/>\n<meta property=\"og:url\" content=\"https:\/\/xn--klrgeist-1za.de\/?page_id=73\" \/>\n<meta property=\"og:site_name\" content=\"Kornell Abwasseranlagen\" \/>\n<meta property=\"article:publisher\" content=\"https:\/\/www.facebook.com\/pg\/Kornell-Abwasseranlagen-der-Klaergeist-1860894337473697\/about\/?ref=page_internal\" \/>\n<meta property=\"article:modified_time\" content=\"2023-08-17T13:01:41+00:00\" \/>\n<meta name=\"twitter:card\" content=\"summary_large_image\" \/>\n<script type=\"application\/ld+json\" class=\"yoast-schema-graph\">{\"@context\":\"https:\\\/\\\/schema.org\",\"@graph\":[{\"@type\":\"WebPage\",\"@id\":\"https:\\\/\\\/xn--klrgeist-1za.de\\\/?page_id=73\",\"url\":\"https:\\\/\\\/xn--klrgeist-1za.de\\\/?page_id=73\",\"name\":\"Ersatzteile - Kornell Abwasseranlagen\",\"isPartOf\":{\"@id\":\"https:\\\/\\\/xn--klrgeist-1za.de\\\/#website\"},\"datePublished\":\"2020-10-11T12:25:47+00:00\",\"dateModified\":\"2023-08-17T13:01:41+00:00\",\"breadcrumb\":{\"@id\":\"https:\\\/\\\/xn--klrgeist-1za.de\\\/?page_id=73#breadcrumb\"},\"inLanguage\":\"de\",\"potentialAction\":[{\"@type\":\"ReadAction\",\"target\":[\"https:\\\/\\\/xn--klrgeist-1za.de\\\/?page_id=73\"]}]},{\"@type\":\"BreadcrumbList\",\"@id\":\"https:\\\/\\\/xn--klrgeist-1za.de\\\/?page_id=73#breadcrumb\",\"itemListElement\":[{\"@type\":\"ListItem\",\"position\":1,\"name\":\"Startseite\",\"item\":\"https:\\\/\\\/xn--klrgeist-1za.de\\\/\"},{\"@type\":\"ListItem\",\"position\":2,\"name\":\"Ersatzteile\"}]},{\"@type\":\"WebSite\",\"@id\":\"https:\\\/\\\/xn--klrgeist-1za.de\\\/#website\",\"url\":\"https:\\\/\\\/xn--klrgeist-1za.de\\\/\",\"name\":\"Kornell Abwasseranlagen\",\"description\":\"Kingspan\u00ae Klargester\u00ae  Kleinkl\u00e4ranlagen\",\"publisher\":{\"@id\":\"https:\\\/\\\/xn--klrgeist-1za.de\\\/#organization\"},\"potentialAction\":[{\"@type\":\"SearchAction\",\"target\":{\"@type\":\"EntryPoint\",\"urlTemplate\":\"https:\\\/\\\/xn--klrgeist-1za.de\\\/?s={search_term_string}\"},\"query-input\":{\"@type\":\"PropertyValueSpecification\",\"valueRequired\":true,\"valueName\":\"search_term_string\"}}],\"inLanguage\":\"de\"},{\"@type\":\"Organization\",\"@id\":\"https:\\\/\\\/xn--klrgeist-1za.de\\\/#organization\",\"name\":\"Kornell Abwasseranlagen\",\"url\":\"https:\\\/\\\/xn--klrgeist-1za.de\\\/\",\"logo\":{\"@type\":\"ImageObject\",\"inLanguage\":\"de\",\"@id\":\"https:\\\/\\\/xn--klrgeist-1za.de\\\/#\\\/schema\\\/logo\\\/image\\\/\",\"url\":\"https:\\\/\\\/xn--klrgeist-1za.de\\\/wp-content\\\/uploads\\\/2020\\\/11\\\/Logo-neu-1-1.png\",\"contentUrl\":\"https:\\\/\\\/xn--klrgeist-1za.de\\\/wp-content\\\/uploads\\\/2020\\\/11\\\/Logo-neu-1-1.png\",\"width\":300,\"height\":56,\"caption\":\"Kornell Abwasseranlagen\"},\"image\":{\"@id\":\"https:\\\/\\\/xn--klrgeist-1za.de\\\/#\\\/schema\\\/logo\\\/image\\\/\"},\"sameAs\":[\"https:\\\/\\\/www.facebook.com\\\/pg\\\/Kornell-Abwasseranlagen-der-Klaergeist-1860894337473697\\\/about\\\/?ref=page_internal\"]}]}<\/script>\n<!-- \/ Yoast SEO plugin. -->","yoast_head_json":{"title":"Ersatzteile - Kornell Abwasseranlagen","robots":{"index":"index","follow":"follow","max-snippet":"max-snippet:-1","max-image-preview":"max-image-preview:large","max-video-preview":"max-video-preview:-1"},"canonical":"https:\/\/xn--klrgeist-1za.de\/?page_id=73","og_locale":"de_DE","og_type":"article","og_title":"Ersatzteile - Kornell Abwasseranlagen","og_description":"Wir sind Partner von Kingspan\u00ae Klargester\u00ae \u00a0 NA-NG und haben in Deutschland als einziger Vertriebspartner alle Verschlei\u00dfteile auf Lager. Der Versand erfolgt in der Regel innerhalb 24 Stunden. Auch selten ben\u00f6tigte Teile k\u00f6nnen kurzfristig bestellt und geliefert werden. Preisliste Ersatzteile Bestellformular","og_url":"https:\/\/xn--klrgeist-1za.de\/?page_id=73","og_site_name":"Kornell Abwasseranlagen","article_publisher":"https:\/\/www.facebook.com\/pg\/Kornell-Abwasseranlagen-der-Klaergeist-1860894337473697\/about\/?ref=page_internal","article_modified_time":"2023-08-17T13:01:41+00:00","twitter_card":"summary_large_image","schema":{"@context":"https:\/\/schema.org","@graph":[{"@type":"WebPage","@id":"https:\/\/xn--klrgeist-1za.de\/?page_id=73","url":"https:\/\/xn--klrgeist-1za.de\/?page_id=73","name":"Ersatzteile - Kornell Abwasseranlagen","isPartOf":{"@id":"https:\/\/xn--klrgeist-1za.de\/#website"},"datePublished":"2020-10-11T12:25:47+00:00","dateModified":"2023-08-17T13:01:41+00:00","breadcrumb":{"@id":"https:\/\/xn--klrgeist-1za.de\/?page_id=73#breadcrumb"},"inLanguage":"de","potentialAction":[{"@type":"ReadAction","target":["https:\/\/xn--klrgeist-1za.de\/?page_id=73"]}]},{"@type":"BreadcrumbList","@id":"https:\/\/xn--klrgeist-1za.de\/?page_id=73#breadcrumb","itemListElement":[{"@type":"ListItem","position":1,"name":"Startseite","item":"https:\/\/xn--klrgeist-1za.de\/"},{"@type":"ListItem","position":2,"name":"Ersatzteile"}]},{"@type":"WebSite","@id":"https:\/\/xn--klrgeist-1za.de\/#website","url":"https:\/\/xn--klrgeist-1za.de\/","name":"Kornell Abwasseranlagen","description":"Kingspan\u00ae Klargester\u00ae  Kleinkl\u00e4ranlagen","publisher":{"@id":"https:\/\/xn--klrgeist-1za.de\/#organization"},"potentialAction":[{"@type":"SearchAction","target":{"@type":"EntryPoint","urlTemplate":"https:\/\/xn--klrgeist-1za.de\/?s={search_term_string}"},"query-input":{"@type":"PropertyValueSpecification","valueRequired":true,"valueName":"search_term_string"}}],"inLanguage":"de"},{"@type":"Organization","@id":"https:\/\/xn--klrgeist-1za.de\/#organization","name":"Kornell Abwasseranlagen","url":"https:\/\/xn--klrgeist-1za.de\/","logo":{"@type":"ImageObject","inLanguage":"de","@id":"https:\/\/xn--klrgeist-1za.de\/#\/schema\/logo\/image\/","url":"https:\/\/xn--klrgeist-1za.de\/wp-content\/uploads\/2020\/11\/Logo-neu-1-1.png","contentUrl":"https:\/\/xn--klrgeist-1za.de\/wp-content\/uploads\/2020\/11\/Logo-neu-1-1.png","width":300,"height":56,"caption":"Kornell Abwasseranlagen"},"image":{"@id":"https:\/\/xn--klrgeist-1za.de\/#\/schema\/logo\/image\/"},"sameAs":["https:\/\/www.facebook.com\/pg\/Kornell-Abwasseranlagen-der-Klaergeist-1860894337473697\/about\/?ref=page_internal"]}]}},"_links":{"self":[{"href":"https:\/\/xn--klrgeist-1za.de\/index.php?rest_route=\/wp\/v2\/pages\/73","targetHints":{"allow":["GET"]}}],"collection":[{"href":"https:\/\/xn--klrgeist-1za.de\/index.php?rest_route=\/wp\/v2\/pages"}],"about":[{"href":"https:\/\/xn--klrgeist-1za.de\/index.php?rest_route=\/wp\/v2\/types\/page"}],"author":[{"embeddable":true,"href":"https:\/\/xn--klrgeist-1za.de\/index.php?rest_route=\/wp\/v2\/users\/1"}],"replies":[{"embeddable":true,"href":"https:\/\/xn--klrgeist-1za.de\/index.php?rest_route=%2Fwp%2Fv2%2Fcomments&post=73"}],"version-history":[{"count":0,"href":"https:\/\/xn--klrgeist-1za.de\/index.php?rest_route=\/wp\/v2\/pages\/73\/revisions"}],"wp:attachment":[{"href":"https:\/\/xn--klrgeist-1za.de\/index.php?rest_route=%2Fwp%2Fv2%2Fmedia&parent=73"}],"curies":[{"name":"wp","href":"https:\/\/api.w.org\/{rel}","templated":true}]}}